{"id":2,"date":"2021-05-14T07:27:43","date_gmt":"2021-05-14T05:27:43","guid":{"rendered":"https:\/\/grandfathersproject.se\/?page_id=2"},"modified":"2021-06-02T14:46:42","modified_gmt":"2021-06-02T12:46:42","slug":"sample-page","status":"publish","type":"page","link":"https:\/\/grandfathersproject.se\/en\/sample-page\/","title":{"rendered":"Background"},"content":{"rendered":"<div class=\"wp-block-media-text alignwide has-media-on-the-right is-stacked-on-mobile is-vertically-aligned-top\" style=\"grid-template-columns:auto 43%\"><figure class=\"wp-block-media-text__media\"><img loading=\"lazy\" decoding=\"async\" width=\"1024\" height=\"768\" src=\"https:\/\/grandfathersproject.se\/wp-content\/uploads\/2021\/05\/IMG_2117-1024x768.jpg\" alt=\"\" class=\"wp-image-121 size-full\" srcset=\"https:\/\/grandfathersproject.se\/wp-content\/uploads\/2021\/05\/IMG_2117-1024x768.jpg 1024w, https:\/\/grandfathersproject.se\/wp-content\/uploads\/2021\/05\/IMG_2117-300x225.jpg 300w, https:\/\/grandfathersproject.se\/wp-content\/uploads\/2021\/05\/IMG_2117-768x576.jpg 768w, https:\/\/grandfathersproject.se\/wp-content\/uploads\/2021\/05\/IMG_2117-600x450.jpg 600w, https:\/\/grandfathersproject.se\/wp-content\/uploads\/2021\/05\/IMG_2117-rotated.jpg 1280w\" sizes=\"auto, (max-width: 1024px) 100vw, 1024px\" \/><\/figure><div class=\"wp-block-media-text__content\">\n<p class=\"has-medium-font-size\">I, a.k.a. Anders Nordstr\u00f6m, has created instrumental music on my computer since 2018. More than 25 years as an IT-consultant and a large interest in music, met with the possibilities of the modern technologies. This made it possible to be more \"creative on a cultural level\" even as a \"programmer\". I use an old synth from the 80:s (Roland JX-8P!) as keyboard and a \"DAW\" (musikprogram) makes the PC to a \"studio\".<\/p>\n<\/div><\/div>\n\n\n\n<h2 class=\"has-text-align-left wp-block-heading\">Grandfathers Project<\/h2>\n\n\n\n<div class=\"wp-block-media-text alignwide has-media-on-the-right is-stacked-on-mobile is-vertically-aligned-top\"><figure class=\"wp-block-media-text__media\"><a href=\"https:\/\/grandfathersproject.se\/en\/product\/heartbeat\/\" target=\"_blank\" rel=\"noopener\"><img loading=\"lazy\" decoding=\"async\" width=\"1024\" height=\"1024\" src=\"https:\/\/grandfathersproject.se\/wp-content\/uploads\/2021\/05\/Heartbeat-1-1024x1024.jpg\" alt=\"\" class=\"wp-image-100 size-medium\" srcset=\"https:\/\/grandfathersproject.se\/wp-content\/uploads\/2021\/05\/Heartbeat-1-1024x1024.jpg 1024w, https:\/\/grandfathersproject.se\/wp-content\/uploads\/2021\/05\/Heartbeat-1-300x300.jpg 300w, https:\/\/grandfathersproject.se\/wp-content\/uploads\/2021\/05\/Heartbeat-1-150x150.jpg 150w, https:\/\/grandfathersproject.se\/wp-content\/uploads\/2021\/05\/Heartbeat-1-768x768.jpg 768w, https:\/\/grandfathersproject.se\/wp-content\/uploads\/2021\/05\/Heartbeat-1-1536x1536.jpg 1536w, https:\/\/grandfathersproject.se\/wp-content\/uploads\/2021\/05\/Heartbeat-1-2048x2048.jpg 2048w, https:\/\/grandfathersproject.se\/wp-content\/uploads\/2021\/05\/Heartbeat-1-1320x1320.jpg 1320w, https:\/\/grandfathersproject.se\/wp-content\/uploads\/2021\/05\/Heartbeat-1-600x600.jpg 600w, https:\/\/grandfathersproject.se\/wp-content\/uploads\/2021\/05\/Heartbeat-1-100x100.jpg 100w\" sizes=\"auto, (max-width: 1024px) 100vw, 1024px\" \/><\/a><\/figure><div class=\"wp-block-media-text__content\">\n<p class=\"has-medium-font-size\">\"Grandfathers Project\" started in 2021 when I became a grandfather for the first time! Then I made a track with the heartbeat from my granddaughter throughout the hole track.<\/p>\n\n\n\n<p class=\"has-medium-font-size\"><em>Something happens inside when You hear the \"Heartbeat\" from a new little child!<\/em><\/p>\n\n\n\n<p class=\"has-medium-font-size\">In this \"project\" there will only be \"smooth\" and relaxing music, \"music for your soul\" (or \"Soul Music\"). Music available in our <a href=\"https:\/\/grandfathersproject.se\/en\/butik\/\" data-type=\"URL\" data-id=\"https:\/\/grandfathersproject.se\/butik\/\">Web shop<\/a>.<\/p>\n<\/div><\/div>\n\n\n\n<h2 class=\"has-text-align-left wp-block-heading\">The ANomaly In Black<\/h2>\n\n\n\n<div class=\"wp-block-media-text alignwide has-media-on-the-right is-stacked-on-mobile is-vertically-aligned-top\"><figure class=\"wp-block-media-text__media\"><a href=\"https:\/\/grandfathersproject.se\/en\/product\/heartbeat\/\" target=\"_blank\" rel=\"noopener\"><img loading=\"lazy\" decoding=\"async\" width=\"1024\" height=\"788\" src=\"https:\/\/grandfathersproject.se\/wp-content\/uploads\/2021\/06\/The-ANomaly-In-Black_Logga_Ljus_Smal-1024x788.jpg\" alt=\"\" class=\"wp-image-216 size-medium\"\/><\/a><\/figure><div class=\"wp-block-media-text__content\">\n<p class=\"has-medium-font-size\">\"The ANomaly In Black\" started in 2018. Almost as \"therapy\" for too much work... <\/p>\n\n\n\n<p class=\"has-medium-font-size\">&#8221;<em>A computer, a music program and a synth from the 80:s is all you need!<\/em>&#8221;<\/p>\n\n\n\n<p class=\"has-medium-font-size\">I already had a computer and an \"old\" synth, so when the music program was purchased, it was just to get started. And the rest is history... \ud83d\ude0a<\/p>\n<\/div><\/div>","protected":false},"excerpt":{"rendered":"<p>Jag, d.v.s. Anders Nordstr\u00f6m har skapat instrumental musik via datorn sen 2018. Mer \u00e4n 25 \u00e5r som IT-konsult och ett stort musikintresse, m\u00f6ttes i den moderna teknikens m\u00f6jligheter att vara mer &#8221;kreativ p\u00e5 ett kulturellt plan&#8221; \u00e4ven som &#8221;programmerare&#8221;. En gammal synth fr\u00e5n 80-talet (Roland JX-8P!) f\u00e5r agera keyboard och ett musikprogram inf\u00f6rskaffades. Grandfathers Project [&hellip;]<\/p>\n","protected":false},"author":2,"featured_media":0,"parent":0,"menu_order":0,"comment_status":"closed","ping_status":"closed","template":"","meta":{"site-sidebar-layout":"default","site-content-layout":"default","ast-site-content-layout":"default","site-content-style":"default","site-sidebar-style":"default","ast-global-header-display":"","ast-banner-title-visibility":"","ast-main-header-display":"","ast-hfb-above-header-display":"","ast-hfb-below-header-display":"","ast-hfb-mobile-header-display":"","site-post-title":"","ast-breadcrumbs-content":"","ast-featured-img":"","footer-sml-layout":"","ast-disable-related-posts":"","theme-transparent-header-meta":"default","adv-header-id-meta":"","stick-header-meta":"","header-above-stick-meta":"","header-main-stick-meta":"","header-below-stick-meta":"","astra-migrate-meta-layouts":"default","ast-page-background-enabled":"default","ast-page-background-meta":{"desktop":{"background-color":"","background-image":"","background-repeat":"repeat","background-position":"center center","background-size":"auto","background-attachment":"scroll","background-type":"","background-media":"","overlay-type":"","overlay-color":"","overlay-opacity":"","overlay-gradient":""},"tablet":{"background-color":"","background-image":"","background-repeat":"repeat","background-position":"center center","background-size":"auto","background-attachment":"scroll","background-type":"","background-media":"","overlay-type":"","overlay-color":"","overlay-opacity":"","overlay-gradient":""},"mobile":{"background-color":"","background-image":"","background-repeat":"repeat","background-position":"center center","background-size":"auto","background-attachment":"scroll","background-type":"","background-media":"","overlay-type":"","overlay-color":"","overlay-opacity":"","overlay-gradient":""}},"ast-content-background-meta":{"desktop":{"background-color":"var(--ast-global-color-5)","background-image":"","background-repeat":"repeat","background-position":"center center","background-size":"auto","background-attachment":"scroll","background-type":"","background-media":"","overlay-type":"","overlay-color":"","overlay-opacity":"","overlay-gradient":""},"tablet":{"background-color":"var(--ast-global-color-5)","background-image":"","background-repeat":"repeat","background-position":"center center","background-size":"auto","background-attachment":"scroll","background-type":"","background-media":"","overlay-type":"","overlay-color":"","overlay-opacity":"","overlay-gradient":""},"mobile":{"background-color":"var(--ast-global-color-5)","background-image":"","background-repeat":"repeat","background-position":"center center","background-size":"auto","background-attachment":"scroll","background-type":"","background-media":"","overlay-type":"","overlay-color":"","overlay-opacity":"","overlay-gradient":""}},"footnotes":""},"class_list":["post-2","page","type-page","status-publish","hentry"],"jetpack_sharing_enabled":true,"_links":{"self":[{"href":"https:\/\/grandfathersproject.se\/en\/wp-json\/wp\/v2\/pages\/2","targetHints":{"allow":["GET"]}}],"collection":[{"href":"https:\/\/grandfathersproject.se\/en\/wp-json\/wp\/v2\/pages"}],"about":[{"href":"https:\/\/grandfathersproject.se\/en\/wp-json\/wp\/v2\/types\/page"}],"author":[{"embeddable":true,"href":"https:\/\/grandfathersproject.se\/en\/wp-json\/wp\/v2\/users\/2"}],"replies":[{"embeddable":true,"href":"https:\/\/grandfathersproject.se\/en\/wp-json\/wp\/v2\/comments?post=2"}],"version-history":[{"count":17,"href":"https:\/\/grandfathersproject.se\/en\/wp-json\/wp\/v2\/pages\/2\/revisions"}],"predecessor-version":[{"id":219,"href":"https:\/\/grandfathersproject.se\/en\/wp-json\/wp\/v2\/pages\/2\/revisions\/219"}],"wp:attachment":[{"href":"https:\/\/grandfathersproject.se\/en\/wp-json\/wp\/v2\/media?parent=2"}],"curies":[{"name":"wp","href":"https:\/\/api.w.org\/{rel}","templated":true}]}}